{"id":2895,"date":"2025-01-23T03:35:04","date_gmt":"2025-01-23T03:35:04","guid":{"rendered":"https:\/\/buromc.com\/?page_id=2895"},"modified":"2025-01-30T03:35:10","modified_gmt":"2025-01-30T03:35:10","slug":"aviso-de-privacidad","status":"publish","type":"page","link":"https:\/\/buromc.com\/us\/aviso-de-privacidad\/","title":{"rendered":"Aviso de Privacidad"},"content":{"rendered":"<div class=\"wpb-content-wrapper\"><section class=\"vc_section vc_custom_1737603384512 vc_section-has-fill\"><div class=\"firwl-vc-row-container\" ><div class=\"vc_row firwl-stickycont wpb_row firwl-vc_row\"><div class=\"firwl-rowcontainer-vc\"><div class=\"firwl-rowcontent\"><div class=\"wpb_column vc_column_container vc_col-sm-12\"><div class=\"vc_column-inner\"><div class=\"wpb_wrapper\">\t\t\t<hr class=\"firwl-spacer-m\">\n\t\t<\/div><\/div><\/div><\/div><\/div><\/div><\/div><div class=\"firwl-vc-row-container\" ><div class=\"vc_row firwl-stickycont wpb_row firwl-vc_row vc_custom_1737603374431 vc_row-has-fill\"><div class=\"firwl-container firwl-rowcontainer-vc\"><div class=\"firwl-rowcontent\"><div class=\"wpb_column vc_column_container vc_col-sm-12\"><div class=\"vc_column-inner\"><div class=\"wpb_wrapper\">\t\t\t<hr class=\"firwl-spacer-m\">\n\t\t\n\t\t<div class=\"firwl-section-caption sec-sec-home align-left-cont\">\n\n\t\t\t\t\t\t\t<h2 class=\"firwl-capfont firwl-glitchtxt\" data-firwl-text=\"Aviso de Privacidad\">Aviso de Privacidad<\/h2>\n\t\t\t\t\t\t<\/div>\n\t\t\t\t\t<hr class=\"firwl-spacer-m\">\n\t\t\t\t\t<hr class=\"firwl-spacer-m\">\n\t\t<\/div><\/div><\/div><\/div><\/div><\/div><\/div><\/section><div class=\"firwl-vc-row-container\" ><div class=\"vc_row firwl-stickycont wpb_row firwl-vc_row\"><div class=\"firwl-container firwl-rowcontainer-vc\"><div class=\"firwl-rowcontent\"><div class=\"wpb_column vc_column_container vc_col-sm-12\"><div class=\"vc_column-inner\"><div class=\"wpb_wrapper\">\n\t<div class=\"wpb_text_column wpb_content_element\" >\n\t\t<div class=\"wpb_wrapper\">\n\t\t\t<p><span style=\"font-weight: 400;\">BUR\u00d3 MEXICANO DE CONSULTORES EN SEGURIDAD INFORM\u00c1TICA S.A. DE C.V. (En adelante \u201cBur\u00f3MC SEGURIDAD INFORM\u00c1TICA\u201d), es una Empresa especializada en el dise\u00f1o e implementaci\u00f3n de soluciones integrales de seguridad inform\u00e1tica para el per\u00edmetro, backbone y endpoint, apoy\u00e1ndose siempre en tecnolog\u00eda y m\u00e9todos de vanguardia tendientes a prevenir y mitigar amenazas inform\u00e1ticas que pudieran poner en riesgo los activos inform\u00e1ticos e informaci\u00f3n de sus Clientes.<\/span> <span style=\"font-weight: 400;\">\u201cBur\u00f3MC SEGURIDAD INFORM\u00c1TICA\u201d tiene su domicilio fiscal en Calle Carrillo Puerto #396-Piso 3, Colonia General Pedro Mar\u00eda Anaya, Alcald\u00eda Benito Ju\u00e1rez, C.P. 03340, en la Ciudad de M\u00e9xico, M\u00e9xico, cuenta con n\u00famero telef\u00f3nico (+52) 55 3626-6700 \/ 3626-6767 y p\u00e1gina web:http:\/\/www.buromc.com.<\/span><\/p>\n<p><span style=\"font-weight: 400;\">Para efectos del presente Aviso de Privacidad, \u201cBur\u00f3MC SEGURIDAD INFORM\u00c1TICA\u201d es Responsable de la obtenci\u00f3n, divulgaci\u00f3n, almacenamiento, uso, manejo, aprovechamiento, transferencia, disposici\u00f3n y protecci\u00f3n de sus Datos Personales. Con la finalidad de proporcionar un mejor servicio, certidumbre y seguridad de su Persona en el tratamiento de sus Datos Personales, aplicamos lineamientos, pol\u00edticas y procedimientos de privacidad para proteger esta informaci\u00f3n, teniendo siempre presente que la integridad, privacidad, salud y Derecho a la Autodeterminaci\u00f3n de los Titulares es lo m\u00e1s importante.<\/span><\/p>\n<p><span style=\"font-weight: 400;\">En virtud de lo antes expuesto, y toda vez que su seguridad y la de sus Datos Personales es nuestra prioridad; le comunicamos que los Datos Personales que obtengamos, ser\u00e1n tratados de manera confidencial mediante el uso y mantenimiento de altas medidas de seguridad t\u00e9cnicas, f\u00edsicas y administrativas, a fin de impedir que terceros no autorizados accedan a la misma y lleven a cabo actividades y\/o tratamientos no autorizados por el Titular.<\/span><\/p>\n<p><span style=\"font-weight: 400;\">DE LOS DATOS PERSONALES QUE TRATA \u201cBur\u00f3MC SEGURIDAD INFORM\u00c1TICA\u201d.<\/span><span style=\"font-weight: 400;\"><br \/>\n<\/span><span style=\"font-weight: 400;\"><br \/>\n<\/span><span style=\"font-weight: 400;\">DATOS DE IDENTIFICACI\u00d3N: Informaci\u00f3n concerniente a una persona f\u00edsica que permite diferenciarla de otras en una colectividad, tales como:<\/span><\/p>\n<p><span style=\"font-weight: 400;\">Apellido Paterno.<\/span><\/p>\n<p><span style=\"font-weight: 400;\">Apellido Materno.<\/span><\/p>\n<p><span style=\"font-weight: 400;\">Correo electr\u00f3nico personal.<\/span><\/p>\n<p><span style=\"font-weight: 400;\">N\u00famero telef\u00f3nico de contacto.<\/span><\/p>\n<p><span style=\"font-weight: 400;\">DATOS LABORALES: Informaci\u00f3n relativa a una persona f\u00edsica respecto a su empleo, cargo o comisi\u00f3n:<\/span><span style=\"font-weight: 400;\"><br \/>\n<\/span><span style=\"font-weight: 400;\"><br \/>\n<\/span><span style=\"font-weight: 400;\">Nombre de la Empresa donde trabaja.<\/span><\/p>\n<p><span style=\"font-weight: 400;\">Cargo o puesto.<\/span><\/p>\n<p><span style=\"font-weight: 400;\">Domicilio de trabajo.<\/span><\/p>\n<p><span style=\"font-weight: 400;\">Correo electr\u00f3nico laboral.<\/span><\/p>\n<p><span style=\"font-weight: 400;\">Tel\u00e9fono y extensi\u00f3n del trabajo.<\/span><\/p>\n<p><span style=\"font-weight: 400;\">2.DE LA FINALIDAD DE RECOLECCI\u00d3N Y TRATAMIENTO DE SUS DATOS PERSONALES.<\/span><span style=\"font-weight: 400;\"><br \/>\n<\/span><span style=\"font-weight: 400;\"><br \/>\n<\/span><span style=\"font-weight: 400;\">\u00bfPara qu\u00e9 fines utilizaremos sus datos personales? Los datos personales que recabamos de Usted, los utilizaremos para las siguientes finalidades que son necesarias para el servicio que solicita o ha contratado:<\/span><span style=\"font-weight: 400;\"><br \/>\n<\/span><span style=\"font-weight: 400;\"><br \/>\n<\/span><span style=\"font-weight: 400;\">Verificar su identidad.<\/span><\/p>\n<p><span style=\"font-weight: 400;\">Cumplir con los niveles de servicios contratados.<\/span><\/p>\n<p><span style=\"font-weight: 400;\">Prestar los servicios que hayan sido contratados y solicitados por Usted.<\/span><\/p>\n<p><span style=\"font-weight: 400;\">Proporcionarle y\/o solicitarle la Factura correspondiente a una Compraventa de Equipo (s) y\/o Servicio (s).<\/span><\/p>\n<p><span style=\"font-weight: 400;\">Proporcionarle y\/o solicitarle el estatus que guarda(n) alg\u00fan(os) pago(s) pendiente(s).<\/span><\/p>\n<p><span style=\"font-weight: 400;\">Notificaci\u00f3n de recepci\u00f3n y\/o entrega de Productos y Servicios.<\/span><\/p>\n<p><span style=\"font-weight: 400;\">Proporcionarle y\/o solicitarle estatus en relaci\u00f3n con alg\u00fan(os) tr\u00e1mite(s) de compra\/venta.<\/span><span style=\"font-weight: 400;\"><br \/>\n<\/span><span style=\"font-weight: 400;\">Proporcionar sus datos como Referencias Comerciales (Proveedor y\/o Cliente) en casos de Altas con Proveedores (Fabricantes y\/o Mayoristas), Procedimientos de Licitaciones.<\/span><\/p>\n<p><span style=\"font-weight: 400;\">Conservar su informaci\u00f3n para el cumplimiento de las disposiciones legales y requerimientos en su caso de autoridades y\/o entidades regulatorias.<\/span><\/p>\n<p><span style=\"font-weight: 400;\">Registro de Proyectos ante nuestros Fabricantes y Mayoristas.<\/span><\/p>\n<p><span style=\"font-weight: 400;\">Proporcionarle y\/o solicitar cotizaciones de Productos y Servicios provistos por \u201cBur\u00f3MC SEGURIDAD INFORM\u00c1TICA\u201d.<\/span><\/p>\n<p><span style=\"font-weight: 400;\">Proporcionarle un Servicio Proactivo y\/o Reactivo por parte de nuestro centro de Atenci\u00f3n v\u00eda Correo Electr\u00f3nico, Telef\u00f3nico, Remoto y\/o en Sitio conforme a su solicitud y criticidad.<\/span><span style=\"font-weight: 400;\"><br \/>\n<\/span><span style=\"font-weight: 400;\">Solicitarle informaci\u00f3n relativa al estado que guarda su Infraestructura de Red con la finalidad de identificar vulnerabilidades y proporcionarle posibles soluciones.<\/span><\/p>\n<p><span style=\"font-weight: 400;\">Apoyarle a solicitudes de configuraci\u00f3n y puesta a punto de Equipos (Hardware) y\/o Programas (Software), con la finalidad de optimizar su Red.<\/span><\/p>\n<p><span style=\"font-weight: 400;\">Mantener actualizado el estatus, tareas pendientes y dem\u00e1s informaci\u00f3n de Proyectos presentes y futuros.<\/span><\/p>\n<p><span style=\"font-weight: 400;\">Proponerle Proyectos de mejora de su Red en base a Est\u00e1ndares Internacionales y buenas pr\u00e1cticas.<\/span><span style=\"font-weight: 400;\"><br \/>\n<\/span><span style=\"font-weight: 400;\"><br \/>\n<\/span><span style=\"font-weight: 400;\">De manera adicional y como finalidades secundarias, utilizaremos su informaci\u00f3n personal para las siguientes finalidades que no son necesarias para el servicio solicitado, pero que nos permiten brindarle un mejor servicio:<\/span><\/p>\n<p><span style=\"font-weight: 400;\">Ofrecerle nuestros productos y servicios.<\/span><\/p>\n<p><span style=\"font-weight: 400;\">Ofrecerle o enviarle promociones, publicidad de \u201cBur\u00f3MC SEGURIDAD INFORM\u00c1TICA\u201d.<\/span><span style=\"font-weight: 400;\"><br \/>\n<\/span><span style=\"font-weight: 400;\">Conocer sus necesidades y preferencias para estar en posibilidad de ofrecerle productos y\/o servicios que se adecuen a estas.<\/span><\/p>\n<p><span style=\"font-weight: 400;\">Establecer la comunicaci\u00f3n y contactarlo por los medios que Usted nos proporcion\u00f3 para tales fines.<\/span><span style=\"font-weight: 400;\"><br \/>\n<\/span><span style=\"font-weight: 400;\">Elaborar estudios de mercadotecnia, segmentaci\u00f3n de mercado, estad\u00edsticos.<\/span><span style=\"font-weight: 400;\"><br \/>\n<\/span><span style=\"font-weight: 400;\">Invitarles a eventos organizados y\/o patrocinados por \u201cBur\u00f3MC SEGURIDAD INFORM\u00c1TICA\u201d.<\/span><\/p>\n<p><span style=\"font-weight: 400;\">Actualizar nuestra base de datos de clientes.<\/span><\/p>\n<p><span style=\"font-weight: 400;\">Realizar una encuesta sobre la calidad del servicio.<\/span><\/p>\n<p><span style=\"font-weight: 400;\">Los medios por los que se le podr\u00e1 invitar a los eventos y ofrecer productos y servicios de consultor\u00eda podr\u00e1n ser:<\/span><\/p>\n<p><span style=\"font-weight: 400;\">Correo Electr\u00f3nico.<\/span><\/p>\n<p><span style=\"font-weight: 400;\">Tel\u00e9fono.<\/span><\/p>\n<p><span style=\"font-weight: 400;\">Servicio Postal.<\/span><\/p>\n<p><span style=\"font-weight: 400;\">Ofrecer servicios y productos de consultor\u00eda en Tecnolog\u00edas de la Informaci\u00f3n.<\/span><\/p>\n<p><span style=\"font-weight: 400;\">Ofrecer servicios de consultor\u00eda jur\u00eddica.<\/span><\/p>\n<p><span style=\"font-weight: 400;\">Solicitarle citas con la finalidad de ofrecerle nuestro Productos y Servicios de forma personalizada, as\u00ed como para atender a sus dudas y solicitudes.<\/span><\/p>\n<p><span style=\"font-weight: 400;\">Cumplimiento de obligaciones y\/o derechos contractuales.<\/span><\/p>\n<p><span style=\"font-weight: 400;\">Mantenerlo informado sobre los cambios en nuestros servicios, productos y soluciones, adem\u00e1s de evaluar la calidad percibida.<\/span><\/p>\n<p><span style=\"font-weight: 400;\">3.MEDIOS POR LOS CUALES \u201cBur\u00f3MC SEGURIDAD INFORM\u00c1TICA\u201d RECOLECTA DATOS PERSONALES.<\/span><span style=\"font-weight: 400;\"><br \/>\n<\/span><span style=\"font-weight: 400;\"><br \/>\n<\/span><span style=\"font-weight: 400;\">\u201cBur\u00f3MC SEGURIDAD INFORM\u00c1TICA\u201d podr\u00e1 recopilar su informaci\u00f3n personal a trav\u00e9s de diferentes fuentes, como son:<\/span><\/p>\n<p><span style=\"font-weight: 400;\">I.DIRECTA: Cuando Usted nos proporciona sus datos personales de manera presencial, a trav\u00e9s de nuestra p\u00e1gina web, redes sociales, a trav\u00e9s de formularios y\/o de manera telef\u00f3nica para solicitar o adquirir cualquiera de los productos o servicios provistos por \u201cBur\u00f3MC SEGURIDAD INFORM\u00c1TICA\u201d.<\/span><span style=\"font-weight: 400;\"><br \/>\n<\/span><span style=\"font-weight: 400;\"><br \/>\n<\/span><span style=\"font-weight: 400;\">II.INDIRECTA: Cuando a trav\u00e9s de medios f\u00edsicos, electr\u00f3nicos u otras personas proporcionan su informaci\u00f3n (en este caso, el hecho de recolectar sus datos personales no implica que \u201cBur\u00f3MC SEGURIDAD INFORM\u00c1TICA\u201d haga uso de ellos para promover sus productos o servicios). En el caso de personas que tienen alg\u00fan puesto en Gobierno, a trav\u00e9s de los organigramas publicados por las Dependencias.<\/span><\/p>\n<p><span style=\"font-weight: 400;\">Cuando los datos personales hayan dejado de ser necesarios para el cumplimiento de las finalidades previstas en este aviso de privacidad, \u201cBur\u00f3MC SEGURIDAD INFORM\u00c1TICA\u201d proceder\u00e1 a su cancelaci\u00f3n.<\/span><span style=\"font-weight: 400;\"><br \/>\n<\/span><span style=\"font-weight: 400;\"><br \/>\n<\/span><span style=\"font-weight: 400;\">4.DE LA TRANSFERENCIA DE DATOS PERSONALES Y SUS FINES.<\/span><\/p>\n<p><span style=\"font-weight: 400;\">Se hace de su conocimiento que, con base en el Art\u00edculo 37 de la Ley Federal de Protecci\u00f3n de Datos Personales en Posesi\u00f3n de los Particulares, \u201cBur\u00f3MC SEGURIDAD INFORM\u00c1TICA\u201d podr\u00e1 transferir sus datos personales a terceros sin la obtenci\u00f3n de su consentimiento, cuando se d\u00e9 \u00fanicamente alguno de los siguientes supuestos:<\/span><\/p>\n<p><span style=\"font-weight: 400;\">Est\u00e9 prevista en una Ley o Tratado en los que M\u00e9xico sea parte.<\/span><\/p>\n<p><span style=\"font-weight: 400;\">Sea necesaria para la prevenci\u00f3n o el diagn\u00f3stico m\u00e9dico, la prestaci\u00f3n de asistencia sanitaria, tratamiento m\u00e9dico o la gesti\u00f3n de servicios sanitarios.<\/span><\/p>\n<p><span style=\"font-weight: 400;\">Sea necesaria por virtud de un contrato celebrado o por celebrar en su inter\u00e9s, por el responsable y un tercero.<\/span><\/p>\n<p><span style=\"font-weight: 400;\">Sea necesaria o legalmente exigida para la salvaguarda de un inter\u00e9s p\u00fablico, o para la procuraci\u00f3n o administraci\u00f3n de justicia.<\/span><\/p>\n<p><span style=\"font-weight: 400;\">Sea precisa para el reconocimiento, ejercicio o defensa de un derecho en un proceso judicial; y,<\/span><span style=\"font-weight: 400;\"><br \/>\n<\/span><span style=\"font-weight: 400;\"><br \/>\n<\/span><span style=\"font-weight: 400;\">Sea precisa para el mantenimiento o cumplimiento de una relaci\u00f3n jur\u00eddica con \u201cBur\u00f3MC SEGURIDAD INFORM\u00c1TICA\u201d.<\/span><\/p>\n<p><span style=\"font-weight: 400;\">El titular de los datos personales podr\u00e1 oponerse para el tratamiento de sus datos personales.<\/span><span style=\"font-weight: 400;\"><br \/>\n<\/span><span style=\"font-weight: 400;\"><br \/>\n<\/span><span style=\"font-weight: 400;\">DE LAS OPCIONES Y MEDIOS PARA LIMITAR EL USO O DIVULGACI\u00d3N DE SUS DATOS PERSONALES Y PARA EJERCER LOS DERECHOS DE ACCESO, RECTIFICACI\u00d3N, CANCELACI\u00d3N Y OPOSICI\u00d3N.<\/span><\/p>\n<p><span style=\"font-weight: 400;\">\u00bfC\u00f3mo puede acceder, rectificar o cancelar sus datos personales, u oponerse a su uso? Usted tiene derecho a conocer qu\u00e9 datos personales tenemos de su persona, para qu\u00e9 los utilizamos, y las condiciones del uso que les damos (Acceso). Asimismo, es su derecho solicitar la correcci\u00f3n de su informaci\u00f3n personal en caso de que \u00e9sta no est\u00e9 actualizada, sea inexacta o incompleta (Rectificaci\u00f3n); que la eliminemos de nuestros registros o bases de datos cuando considere que la misma no est\u00e1 siendo utilizada conforme a los principios, deberes y obligaciones previstas en la normativa (Cancelaci\u00f3n); as\u00ed como oponerse al uso de sus datos personales para fines espec\u00edficos (Oposici\u00f3n). Estos derechos se conocen como derechos ARCO.<\/span><\/p>\n<p><span style=\"font-weight: 400;\">Los datos personales del titular ser\u00e1n mantenidos con estricta confidencialidad, quedando prohibida su divulgaci\u00f3n il\u00edcita, limitando su uso a terceros no autorizados, aplicando lineamientos, pol\u00edticas y procedimientos de privacidad para proteger su informaci\u00f3n conforme al presente Aviso de Privacidad.<\/span><span style=\"font-weight: 400;\"><br \/>\n<\/span><span style=\"font-weight: 400;\"><br \/>\n<\/span><span style=\"font-weight: 400;\">Usted tiene el derecho de acceder a sus datos personales que poseemos y a los detalles del tratamiento de estos, as\u00ed como a rectificarlos en caso de ser inexactos o instruirnos cancelarlos cuando considere que resulten ser excesivos o innecesarios para las finalidades que justificaron su obtenci\u00f3n u oponerse al tratamiento de los mismos para fines espec\u00edficos.<\/span><\/p>\n<p><span style=\"font-weight: 400;\">En todo momento Usted podr\u00e1 revocar el consentimiento que nos ha otorgado para el tratamiento de sus datos personales, a fin de que dejemos de hacer uso de los mismos, en caso de que requiera limitar el uso y\/o divulgaci\u00f3n de sus datos personales o bien, ejercer cualquiera de sus derechos de Acceso, Rectificaci\u00f3n, Cancelaci\u00f3n u Oposici\u00f3n (Derechos A.R.C.O.), Usted o su representante legal debidamente acreditado deber\u00e1n contactar al Departamento de Administraci\u00f3n de Datos Personales del cual es titular el C. SERGIO BARRANCO RODR\u00cdGUEZ (Quien ha sido designado por \u201cBur\u00f3MC SEGURIDAD INFORM\u00c1TICA\u201d como Responsable de dicho departamento) por cualquiera de los siguientes medios:<\/span><\/p>\n<p><span style=\"font-weight: 400;\">Correo Electr\u00f3nico: <\/span><a href=\"mailto:sbarranco@buromc.com\"><span style=\"font-weight: 400;\">sbarranco@buromc.com<\/span><\/a><\/p>\n<p><span style=\"font-weight: 400;\">Tel\u00e9fono para el Interior de la Rep\u00fablica: 55-6270-7000 Ext. 310<\/span><\/p>\n<p><span style=\"font-weight: 400;\">Tel\u00e9fono para la Ciudad de M\u00e9xico y \u00c1rea Metropolitana: 6270-7000 Ext. 310<\/span><\/p>\n<p><span style=\"font-weight: 400;\">Direcci\u00f3n: Calle Carrillo Puerto #396-Piso 2, Col. General Pedro Mar\u00eda Anaya, Alcald\u00eda Benito Ju\u00e1rez, Cp. 03340 en la Ciudad de M\u00e9xico, M\u00e9xico.<\/span><\/p>\n<p><span style=\"font-weight: 400;\">Independientemente del medio por el que contacte al C. SERGIO BARRANCO RODR\u00cdGUEZ, en caso de que requiera ejercer cualquier de sus derechos A.R.C.O., deber\u00e1 presentar en el domicilio de \u201cBur\u00f3MC SEGURIDAD INFORM\u00c1TICA\u201d una solicitud con acuse de recibo que contenga como m\u00ednimo lo siguiente:<\/span><\/p>\n<p><span style=\"font-weight: 400;\">Nombre completo del titular, domicilio, tel\u00e9fono y cuenta de correo electr\u00f3nico, para poder comunicarle la respuesta a su solicitud.<\/span><\/p>\n<p><span style=\"font-weight: 400;\">Los documentos que acrediten la identidad o, en su caso, la representaci\u00f3n legal del titular de los datos personales.<\/span><\/p>\n<p><span style=\"font-weight: 400;\">Una descripci\u00f3n clara, sucinta y precisa de lo solicitado.<\/span><\/p>\n<p><span style=\"font-weight: 400;\">Cualquier otro elemento o documento que facilite en su caso, dar cumplimiento a su solicitud y\/o para emitir respuesta a la misma.<\/span><\/p>\n<p><span style=\"font-weight: 400;\">El t\u00e9rmino en que \u201cBur\u00f3MC SEGURIDAD INFORM\u00c1TICA\u201d dar\u00e1 respuesta a su solicitud ser\u00e1n 20 d\u00edas h\u00e1biles posteriores a que sea presentada. Asimismo, \u201cBur\u00f3MC SEGURIDAD INFORM\u00c1TICA\u201d en un t\u00e9rmino de 15 d\u00edas h\u00e1biles adoptar\u00e1 las medidas necesarias para dar cumplimiento a lo que proceda conforme a la \u201cLFPDPPP\u201d.<\/span><\/p>\n<p><span style=\"font-weight: 400;\">Los d\u00edas en que podr\u00e1 presentar la solicitud mencionada anteriormente son de Lunes a Viernes en un Horario de 10:00 am a 1:00 pm. En los casos de d\u00edas festivos, la solicitud podr\u00e1 ingresarse en el domicilio de \u201cBur\u00f3MC SEGURIDAD INFORM\u00c1TICA\u201d el siguiente d\u00eda h\u00e1bil.<\/span><\/p>\n<ol start=\"6\">\n<li><span style=\"font-weight: 400;\"> DEL PROCEDIMIENTO Y MEDIO POR EL QUE SE COMUNICAR\u00c1 A LOS TITULARES DE CAMBIOS AL PRESENTE AVISO DE PRIVACIDAD.<\/span><\/li>\n<\/ol>\n<p><span style=\"font-weight: 400;\">\u00bfC\u00f3mo puede conocer los cambios a este aviso de privacidad? El presente aviso de privacidad puede sufrir modificaciones, cambios o actualizaciones derivadas de nuevos requerimientos legales; de nuestras propias necesidades por los productos o servicios que ofrecemos; de nuestras pr\u00e1cticas de privacidad; de cambios en nuestro modelo de negocio, o por otras causas.<\/span><\/p>\n<p><span style=\"font-weight: 400;\">Nos comprometemos a mantenerlo informado sobre los cambios que pueda sufrir el presente aviso de privacidad, cualquier modificaci\u00f3n al presente aviso le ser\u00e1 notificada a trav\u00e9s del siguiente medio:<\/span><span style=\"font-weight: 400;\"><br \/>\n<\/span><span style=\"font-weight: 400;\"><br \/>\n<\/span><span style=\"font-weight: 400;\">P\u00e1gina web: <\/span><a href=\"https:\/\/buromc.com\/us\/\"><span style=\"font-weight: 400;\">http:\/\/www.buromc.com<\/span><\/a><\/p>\n<p><span style=\"font-weight: 400;\">Asimismo, cualquier cambio de domicilio, n\u00famero telef\u00f3nico y\/o p\u00e1gina web, ser\u00e1 publicado en la p\u00e1gina web se\u00f1alada anteriormente durante diez d\u00edas naturales previos a la fecha efectiva de cambio.<\/span><span style=\"font-weight: 400;\"><br \/>\n<\/span><span style=\"font-weight: 400;\"><br \/>\n<\/span><span style=\"font-weight: 400;\">\u00bfC\u00f3mo puede revocar su consentimiento para el uso de sus datos personales? Usted puede revocar el consentimiento que, en su caso, nos haya otorgado para el tratamiento de sus datos personales. Sin embargo, es importante que tenga en cuenta que no en todos los casos podremos atender su solicitud o concluir el uso de forma inmediata, ya que es posible que por alguna obligaci\u00f3n legal requiramos seguir tratando sus datos personales. Asimismo, Usted deber\u00e1 considerar que, para ciertos fines, la revocaci\u00f3n de su consentimiento implicar\u00e1 que no le podamos seguir prestando el servicio que nos solicit\u00f3, o la conclusi\u00f3n de su relaci\u00f3n con nosotros.<\/span><\/p>\n<p><span style=\"font-weight: 400;\">7.DEL USO DE TECNOLOG\u00cdAS DE RASTREO EN NUESTRO PORTAL DE INTERNET.<\/span><span style=\"font-weight: 400;\"><br \/>\n<\/span><span style=\"font-weight: 400;\"><br \/>\n<\/span><span style=\"font-weight: 400;\">Le informamos que en nuestra p\u00e1gina de Internet utilizamos cookies, web beacons y otras tecnolog\u00edas a trav\u00e9s de las cuales es posible monitorear su comportamiento como usuario de Internet, as\u00ed como brindarle un mejor servicio y experiencia de usuario al navegar en nuestra p\u00e1gina.<\/span><span style=\"font-weight: 400;\"><br \/>\n<\/span><span style=\"font-weight: 400;\"><br \/>\n<\/span><span style=\"font-weight: 400;\">Los datos personales que obtenemos de estas tecnolog\u00edas de rastreo son los siguientes:<\/span><span style=\"font-weight: 400;\"><br \/>\n<\/span><span style=\"font-weight: 400;\"><br \/>\n<\/span><span style=\"font-weight: 400;\">Cookies: Son un archivo de datos que se almacena en el disco duro del equipo de c\u00f3mputo o del dispositivo de comunicaciones electr\u00f3nicas de un usuario al navegar en un sitio de Internet espec\u00edfico, el cual permite intercambiar informaci\u00f3n de estado entre dicho sitio y el navegador del usuario. La informaci\u00f3n de estado puede revelar medios de identificaci\u00f3n de sesi\u00f3n, autenticaci\u00f3n o preferencias del usuario, as\u00ed como cualquier otro dato almacenado por el navegador respecto al sitio de Internet.<\/span><\/p>\n<p><span style=\"font-weight: 400;\">Web beacons: Son una imagen visible u oculta insertada dentro de un sitio web o correo electr\u00f3nico, que se utiliza para monitorear el comportamiento del usuario en estos medios. A trav\u00e9s de \u00e9stos se puede obtener informaci\u00f3n como la direcci\u00f3n IP de origen, navegador utilizado, sistema operativo, momento en que se accedi\u00f3 a la p\u00e1gina, y en el caso del correo electr\u00f3nico, la asociaci\u00f3n de los datos anteriores con el destinatario.<\/span><\/p>\n<p><span style=\"font-weight: 400;\">Listado de exclusi\u00f3n: Es una base de datos que tiene por objeto registrar, de manera gratuita, a aquellos titulares que no quieran que su informaci\u00f3n sea tratada por el responsable para ciertas finalidades, con el objeto de que el responsable evite dichos tratamientos.<\/span><span style=\"font-weight: 400;\"><br \/>\n<\/span><span style=\"font-weight: 400;\"><br \/>\n<\/span><span style=\"font-weight: 400;\">\u00daLTIMA ACTUALIZACI\u00d3N: 15 ENERO 2025.<\/span><\/p>\n\n\t\t<\/div>\n\t<\/div>\n\t\t\t<hr class=\"firwl-spacer-m\">\n\t\t<\/div><\/div><\/div><\/div><\/div><\/div><\/div>\n<\/div>","protected":false},"excerpt":{"rendered":"Aviso de Privacidad BUR\u00d3 MEXICANO DE CONSULTORES EN SEGURIDAD INFORM\u00c1TICA S.A. DE C.V. (En adelante \u201cBur\u00f3MC SEGURIDAD INFORM\u00c1TICA\u201d), es una Empresa especializada en el dise\u00f1o e implementaci\u00f3n de soluciones integrales de seguridad inform\u00e1tica para el per\u00edmetro, backbone y endpoint, apoy\u00e1ndose siempre en tecnolog\u00eda y m\u00e9todos de vanguardia tendientes a prevenir [...]","protected":false},"author":1,"featured_media":0,"parent":0,"menu_order":0,"comment_status":"closed","ping_status":"closed","template":"page-fullwidth.php","meta":{"footnotes":""},"class_list":["post-2895","page","type-page","status-publish","hentry"],"_links":{"self":[{"href":"https:\/\/buromc.com\/us\/wp-json\/wp\/v2\/pages\/2895","targetHints":{"allow":["GET"]}}],"collection":[{"href":"https:\/\/buromc.com\/us\/wp-json\/wp\/v2\/pages"}],"about":[{"href":"https:\/\/buromc.com\/us\/wp-json\/wp\/v2\/types\/page"}],"author":[{"embeddable":true,"href":"https:\/\/buromc.com\/us\/wp-json\/wp\/v2\/users\/1"}],"replies":[{"embeddable":true,"href":"https:\/\/buromc.com\/us\/wp-json\/wp\/v2\/comments?post=2895"}],"version-history":[{"count":8,"href":"https:\/\/buromc.com\/us\/wp-json\/wp\/v2\/pages\/2895\/revisions"}],"predecessor-version":[{"id":2990,"href":"https:\/\/buromc.com\/us\/wp-json\/wp\/v2\/pages\/2895\/revisions\/2990"}],"wp:attachment":[{"href":"https:\/\/buromc.com\/us\/wp-json\/wp\/v2\/media?parent=2895"}],"curies":[{"name":"wp","href":"https:\/\/api.w.org\/{rel}","templated":true}]}}