{"id":3356,"date":"2026-02-19T21:14:12","date_gmt":"2026-02-19T21:14:12","guid":{"rendered":"https:\/\/buromc.com\/?page_id=3356"},"modified":"2026-02-19T21:14:12","modified_gmt":"2026-02-19T21:14:12","slug":"3356-2","status":"publish","type":"page","link":"https:\/\/buromc.com\/us\/3356-2\/","title":{"rendered":""},"content":{"rendered":"<div class=\"wpb-content-wrapper\"><div class=\"firwl-vc-row-container\" ><div class=\"vc_row firwl-stickycont wpb_row firwl-vc_row\"><div class=\"firwl-rowcontainer-vc\"><div class=\"firwl-rowcontent\"><div class=\"wpb_column vc_column_container vc_col-sm-12\"><div class=\"vc_column-inner\"><div class=\"wpb_wrapper\">\n\t<div class=\"wpb_text_column wpb_content_element\" >\n\t\t<div class=\"wpb_wrapper\">\n\t\t\t<div class=\"wp-block-cover alignfull\" style=\"min-height:440px;--d_t_p:5;--d_b_p:5;--d_l_p:5;--d_r_p:5;aspect-ratio:unset;\" id=\"Long\">\n<img loading=\"lazy\" decoding=\"async\" width=\"1170\" height=\"822\" class=\"wp-block-cover__image-background wp-image-3326 size-large\" alt=\"\" src=\"https:\/\/buromc.com\/wp-content\/uploads\/2026\/02\/Maqueta-Landing-Ethical-Hacking-1170x822.png\" data-object-fit=\"cover\" srcset=\"https:\/\/buromc.com\/wp-content\/uploads\/2026\/02\/Maqueta-Landing-Ethical-Hacking-1170x822.png 1170w, https:\/\/buromc.com\/wp-content\/uploads\/2026\/02\/Maqueta-Landing-Ethical-Hacking-770x541.png 770w, https:\/\/buromc.com\/wp-content\/uploads\/2026\/02\/Maqueta-Landing-Ethical-Hacking-768x540.png 768w, https:\/\/buromc.com\/wp-content\/uploads\/2026\/02\/Maqueta-Landing-Ethical-Hacking-1536x1080.png 1536w, https:\/\/buromc.com\/wp-content\/uploads\/2026\/02\/Maqueta-Landing-Ethical-Hacking-2048x1439.png 2048w, https:\/\/buromc.com\/wp-content\/uploads\/2026\/02\/Maqueta-Landing-Ethical-Hacking-18x12.png 18w\" sizes=\"auto, (max-width: 1170px) 100vw, 1170px\" \/><span aria-hidden=\"true\" class=\"wp-block-cover__background has-background-dim-0 has-background-dim has-background-gradient\" style=\"background:linear-gradient(135deg,rgb(11,79,163) 0%,rgb(30,136,201) 49%,rgb(72,198,216) 100%)\"><\/span><\/p>\n<div class=\"wp-block-cover__inner-container is-layout-constrained wp-block-cover-is-layout-constrained\">\n<div class=\"wp-block-columns is-layout-flex wp-container-core-columns-is-layout-9d6595d7 wp-block-columns-is-layout-flex\">\n<div class=\"wp-block-column is-layout-flow wp-block-column-is-layout-flow\">\n<h1 class=\"wp-block-heading\" id=\"block-d54e7cc6-4132-411e-8617-4e5992c0add1\">\nEthical Hacking<\/h1>\n<p id=\"block-dbd89e26-764f-4018-8755-3aa68741d08e\">En un mundo en donde cada clic puede convertirse en una puerta de entrada para un atacante, el Ethical Hacking se ha convertido en la manera m\u00e1s segura de proteger tu negocio.<\/p>\n<p>A trav\u00e9s de herramientas avanzadas y pruebas controladas, identificamos vulnerabilidades antes de que se conviertan en incidentes, fortalecemos tu infraestructura y elevamos tu nivel de protecci\u00f3n.<\/p>\n<p>No se trata solo de seguridad: se trata de confianza, continuidad y ventaja competitiva.<\/p>\n<p style=\"font-style:normal;font-weight:600\">\u00a1Identifica, fortalece y mejora tu seguridad digital!<\/p>\n<\/div>\n<div class=\"wp-block-column is-layout-flow wp-block-column-is-layout-flow\" id=\"magic-hint\">\n<h2 class=\"wp-block-heading\"><\/h2>\n<div class=\"wp-block-contact-form-7-contact-form-selector\">\n\n\t\t<\/div>\n\t<\/div>\n<\/div><\/div><\/div><\/div><\/div><\/div><\/div>\n<div class=\"wpcf7 no-js\" id=\"wpcf7-f1557-o1\" lang=\"es-MX\" dir=\"ltr\" data-wpcf7-id=\"1557\">\n<div class=\"screen-reader-response\"><p role=\"status\" aria-live=\"polite\" aria-atomic=\"true\"><\/p> <ul><\/ul><\/div>\n<form action=\"\/us\/wp-json\/wp\/v2\/pages\/3356#wpcf7-f1557-o1\" method=\"post\" class=\"wpcf7-form init\" aria-label=\"Formulario de contacto\" novalidate=\"novalidate\" data-status=\"init\" data-trp-original-action=\"\/us\/wp-json\/wp\/v2\/pages\/3356#wpcf7-f1557-o1\">\n<div style=\"display: none;\">\n<input type=\"hidden\" name=\"_wpcf7\" value=\"1557\" \/>\n<input type=\"hidden\" name=\"_wpcf7_version\" value=\"6.0.6\" \/>\n<input type=\"hidden\" name=\"_wpcf7_locale\" value=\"es_MX\" \/>\n<input type=\"hidden\" name=\"_wpcf7_unit_tag\" value=\"wpcf7-f1557-o1\" \/>\n<input type=\"hidden\" name=\"_wpcf7_container_post\" value=\"0\" \/>\n<input type=\"hidden\" name=\"_wpcf7_posted_data_hash\" value=\"\" \/>\n<\/div>\n<div class=\"d-flex\">\n\t<div class=\"col-6 margin1Porcent inputConsultoria\">\n\t\t<p><span class=\"wpcf7-form-control-wrap\" data-name=\"nombre\"><input size=\"40\" maxlength=\"400\" class=\"wpcf7-form-control wpcf7-text wpcf7-validates-as-required\" aria-required=\"true\" aria-invalid=\"false\" placeholder=\"Name\" value=\"\" type=\"text\" name=\"nombre\" \/><\/span>\n\t\t<\/p>\n\t<\/div>\n\t<div class=\"col-6 inputConsultoria margin-left-lastname\">\n\t\t<p><span class=\"wpcf7-form-control-wrap\" data-name=\"lastname\"><input size=\"40\" maxlength=\"400\" class=\"wpcf7-form-control wpcf7-text wpcf7-validates-as-required\" aria-required=\"true\" aria-invalid=\"false\" placeholder=\"Surename\" value=\"\" type=\"text\" name=\"lastname\" \/><\/span>\n\t\t<\/p>\n\t<\/div>\n<\/div>\n<div class=\"col-12 inputConsultoria\">\n\t<p><span class=\"wpcf7-form-control-wrap\" data-name=\"email\"><input size=\"40\" maxlength=\"400\" class=\"wpcf7-form-control wpcf7-email wpcf7-validates-as-required wpcf7-text wpcf7-validates-as-email\" aria-required=\"true\" aria-invalid=\"false\" placeholder=\"Email\" value=\"\" type=\"email\" name=\"email\" \/><\/span>\n\t<\/p>\n<\/div>\n<div class=\"col-12 inputConsultoria\">\n\t<p><span class=\"wpcf7-form-control-wrap\" data-name=\"empresa\"><input size=\"40\" maxlength=\"400\" class=\"wpcf7-form-control wpcf7-text wpcf7-validates-as-required\" aria-required=\"true\" aria-invalid=\"false\" placeholder=\"Work place\" value=\"\" type=\"text\" name=\"empresa\" \/><\/span>\n\t<\/p>\n<\/div>\n<div class=\"col-12 inputConsultoria\">\n\t<p><span class=\"wpcf7-form-control-wrap\" data-name=\"puesto\"><input size=\"40\" maxlength=\"400\" class=\"wpcf7-form-control wpcf7-text wpcf7-validates-as-required\" aria-required=\"true\" aria-invalid=\"false\" placeholder=\"Job position\" value=\"\" type=\"text\" name=\"puesto\" \/><\/span>\n\t<\/p>\n<\/div>\n<div class=\"col-12 inputConsultoria\">\n\t<p><span class=\"wpcf7-form-control-wrap\" data-name=\"movil\"><input size=\"40\" maxlength=\"400\" class=\"wpcf7-form-control wpcf7-text wpcf7-validates-as-required\" aria-required=\"true\" aria-invalid=\"false\" placeholder=\"Phone\" value=\"\" type=\"text\" name=\"movil\" \/><\/span>\n\t<\/p>\n<\/div>\n<div class=\"col-12 inputConsultoria\">\n\t<p><span class=\"wpcf7-form-control-wrap\" data-name=\"Mensaje\"><textarea cols=\"40\" rows=\"10\" maxlength=\"2000\" class=\"wpcf7-form-control wpcf7-textarea wpcf7-validates-as-required\" aria-required=\"true\" aria-invalid=\"false\" placeholder=\"Message\" name=\"Mensaje\"><\/textarea><\/span>\n\t<\/p>\n<\/div>\n<div class=\"col-12 inputConsultoria\">\n\t<p><input class=\"wpcf7-form-control wpcf7-submit has-spinner btn-envio col-12\" type=\"submit\" value=\"SEND\" \/>\n\t<\/p>\n<\/div><div class=\"wpcf7-response-output\" aria-hidden=\"true\"><\/div>\n<input type=\"hidden\" name=\"trp-form-language\" value=\"us\"\/><\/form>\n<\/div>\n<div class=\"firwl-vc-row-container\" ><div class=\"vc_row firwl-stickycont wpb_row firwl-vc_row\"><div class=\"firwl-rowcontainer-vc\"><div class=\"firwl-rowcontent\"><div class=\"wpb_column vc_column_container vc_col-sm-12\"><div class=\"vc_column-inner\"><div class=\"wpb_wrapper\">\n\t<div class=\"wpb_text_column wpb_content_element\" >\n\t\t<div class=\"wpb_wrapper\">\n\t\t\t<\/div>\n<\/div>\n<\/div>\n<div style=\"height:40px\" aria-hidden=\"true\" class=\"wp-block-spacer\"><\/div>\n<\/div>\n<\/div>\n<div class=\"wp-block-cover alignfull\" style=\"min-height:440px;--d_t_p:5;--d_b_p:5;--d_l_p:5;--d_r_p:5;aspect-ratio:unset;\" id=\"Long\">\n<img decoding=\"async\" class=\"wp-block-cover__image-background wp-image-3742 size-large\" alt=\"\" src=\"https:\/\/grupobeit.com\/wp-content\/uploads\/2026\/02\/Maqueta-Landing-Ethical-Hacking-2-1170x515.png\" data-object-fit=\"cover\"\/><span aria-hidden=\"true\" class=\"wp-block-cover__background has-background-dim-0 has-background-dim has-background-gradient\" style=\"background:linear-gradient(135deg,rgb(11,79,163) 0%,rgb(30,136,201) 49%,rgb(72,198,216) 100%)\"><\/span><\/p>\n<div class=\"wp-block-cover__inner-container is-layout-constrained wp-block-cover-is-layout-constrained\">\n<div class=\"wp-block-columns is-layout-flex wp-container-core-columns-is-layout-9d6595d7 wp-block-columns-is-layout-flex\">\n<div class=\"wp-block-column is-layout-flow wp-block-column-is-layout-flow\">\n<h2 class=\"wp-block-heading\" id=\"block-d54e7cc6-4132-411e-8617-4e5992c0add1\">An\u00e1lisis de Vulnerabilidad<\/h2>\n<p id=\"block-dbd89e26-764f-4018-8755-3aa68741d08e\">Escaneo automatizado de sistemas, redes, dispositivos y aplicaciones para identificar debilidades conocidas y vulnerabilidades de seguridad, detectando fallos en software o configuraciones sin interrumpir operaciones.<\/p>\n<p class=\"has-text-align-left\">\n<strong>Benefits<\/strong><\/p>\n<ul class=\"wp-block-list\">\n<li>Detecta vulnerabilidades antes que los atacantes<\/li>\n<li>Prioriza riesgos para tomar acciones r\u00e1pidamente<\/li>\n<li>Mejora la postura de seguridad continuamente<\/li>\n<\/ul>\n<p style=\"font-style:normal;font-weight:600\">Se utilizan herramientas que escanean de forma exhaustiva y escalable, integr\u00e1ndose en entornos complejos para una protecci\u00f3n proactiva.<\/p>\n<\/div>\n<div class=\"wp-block-column is-layout-flow wp-block-column-is-layout-flow\"><\/div>\n<\/div>\n<div style=\"height:40px\" aria-hidden=\"true\" class=\"wp-block-spacer\"><\/div>\n<\/div>\n<\/div>\n<div class=\"wp-block-cover alignfull is-light\" style=\"min-height:440px;--d_t_p:5;--d_b_p:5;--d_l_p:5;--d_r_p:5;aspect-ratio:unset;\" id=\"Long\">\n<img decoding=\"async\" class=\"wp-block-cover__image-background wp-image-3744 size-large\" alt=\"\" src=\"https:\/\/grupobeit.com\/wp-content\/uploads\/2026\/02\/Maqueta-Landing-Ethical-Hacking-3-1170x532.png\" data-object-fit=\"cover\"\/><span aria-hidden=\"true\" class=\"wp-block-cover__background has-background-dim-0 has-background-dim has-background-gradient\" style=\"background:linear-gradient(135deg,rgb(11,79,163) 0%,rgb(30,136,201) 49%,rgb(72,198,216) 100%)\"><\/span><\/p>\n<div class=\"wp-block-cover__inner-container is-layout-constrained wp-block-cover-is-layout-constrained\">\n<div class=\"wp-block-columns is-layout-flex wp-container-core-columns-is-layout-9d6595d7 wp-block-columns-is-layout-flex\">\n<div class=\"wp-block-column is-layout-flow wp-block-column-is-layout-flow\">\n<h2 class=\"wp-block-heading\" id=\"block-d54e7cc6-4132-411e-8617-4e5992c0add1\"><\/h2>\n<\/div>\n<div class=\"wp-block-column is-layout-flow wp-block-column-is-layout-flow\">\n<h2 class=\"wp-block-heading\" id=\"block-d54e7cc6-4132-411e-8617-4e5992c0add1\">Pruebas de penetraci\u00f3n (Pentesting)<\/h2>\n<p id=\"block-dbd89e26-764f-4018-8755-3aa68741d08e\">Ethical Hacking, simulaci\u00f3n controlada de ataquescibern\u00e9ticos para explotar vulnerabilidades, combinandoautomatizaci\u00f3n y an\u00e1lisis manual para evaluar el impactoen sistemas cr\u00edticos.<\/p>\n<p>Se utilizan t\u00e9cnicas y herramientas de Ethical hackingpara intentar acceder a los sistemas, validando la seguridad de los mismos.<\/p>\n<p class=\"has-text-align-left\">\n<strong>Benefits<\/strong><\/p>\n<ul class=\"wp-block-list\">\n<li>Revela puntos d\u00e9biles antes de que sean explotados<\/li>\n<li>Permite fortalecer defensas<\/li>\n<li>Asegura cumplimiento normativo y reduce costos de incidentes<\/li>\n<\/ul>\n<p style=\"font-style:normal;font-weight:600\">Se utilizan herramientas que mapean vulnerabilidades iniciales y facilita pruebas avanzadas para validar la robustez del sistema.<\/p>\n<\/div>\n<\/div>\n<div style=\"height:40px\" aria-hidden=\"true\" class=\"wp-block-spacer\"><\/div>\n<\/div>\n<\/div>\n<div class=\"wp-block-cover alignfull\" style=\"min-height:440px;--d_t_p:5;--d_b_p:5;--d_l_p:5;--d_r_p:5;aspect-ratio:unset;\" id=\"Long\">\n<img decoding=\"async\" class=\"wp-block-cover__image-background wp-image-3746 size-large\" alt=\"\" src=\"https:\/\/grupobeit.com\/wp-content\/uploads\/2026\/02\/Maqueta-Landing-Ethical-Hacking-4-1170x550.png\" data-object-fit=\"cover\"\/><span aria-hidden=\"true\" class=\"wp-block-cover__background has-background-dim-0 has-background-dim has-background-gradient\" style=\"background:linear-gradient(135deg,rgb(11,79,163) 0%,rgb(30,136,201) 49%,rgb(72,198,216) 100%)\"><\/span><\/p>\n<div class=\"wp-block-cover__inner-container is-layout-constrained wp-block-cover-is-layout-constrained\">\n<div class=\"wp-block-columns is-layout-flex wp-container-core-columns-is-layout-9d6595d7 wp-block-columns-is-layout-flex\">\n<div class=\"wp-block-column is-layout-flow wp-block-column-is-layout-flow\">\n<h2 class=\"wp-block-heading\" id=\"block-d54e7cc6-4132-411e-8617-4e5992c0add1\">Monitoreo Dark Web<\/h2>\n<p id=\"block-dbd89e26-764f-4018-8755-3aa68741d08e\">B\u00fasqueda continua en redes ocultas para detectar datos sensibles expuestos (credenciales, IPs), usando inteligencia artificial para alertar sobre riesgos espec\u00edficos en tiempo real.<\/p>\n<p class=\"has-text-align-left\">\n<strong>Benefits<\/strong><\/p>\n<ul class=\"wp-block-list\">\n<li>Detecta filtraciones tempranas para una respuesta r\u00e1pida<\/li>\n<li>Protege la reputaci\u00f3n y previene robos de identidad<\/li>\n<li>Permite mitigar amenazas antes de que escalen<\/li>\n<\/ul>\n<p style=\"font-style:normal;font-weight:600\">Se utilizan herramientas de escaneo que proporcionan visibilidad de assets expuestos llevando a cabo un an\u00e1lisis en tiempo real para detectar si la informaci\u00f3n de tu organizaci\u00f3n se filtra o se comparte en la Dark Web.<\/p>\n<\/div>\n<div class=\"wp-block-column is-layout-flow wp-block-column-is-layout-flow\"><\/div>\n<\/div>\n<div style=\"height:40px\" aria-hidden=\"true\" class=\"wp-block-spacer\"><\/div>\n<\/div>\n<\/div>\n<div class=\"wp-block-cover alignfull\" style=\"min-height:440px;--d_t_p:5;--d_b_p:5;--d_l_p:5;--d_r_p:5;aspect-ratio:unset;\" id=\"Long\">\n<img decoding=\"async\" class=\"wp-block-cover__image-background wp-image-3748 size-large\" alt=\"\" src=\"https:\/\/grupobeit.com\/wp-content\/uploads\/2026\/02\/Maqueta-Landing-Ethical-Hacking-5-1170x516.png\" data-object-fit=\"cover\"\/><span aria-hidden=\"true\" class=\"wp-block-cover__background has-background-dim-0 has-background-dim has-background-gradient\" style=\"background:linear-gradient(135deg,rgb(11,79,163) 0%,rgb(30,136,201) 49%,rgb(72,198,216) 100%)\"><\/span><\/p>\n<div class=\"wp-block-cover__inner-container is-layout-constrained wp-block-cover-is-layout-constrained\">\n<div class=\"wp-block-columns is-layout-flex wp-container-core-columns-is-layout-9d6595d7 wp-block-columns-is-layout-flex\">\n<div class=\"wp-block-column is-layout-flow wp-block-column-is-layout-flow\">\n<h2 class=\"wp-block-heading\" id=\"block-d54e7cc6-4132-411e-8617-4e5992c0add1\"><\/h2>\n<\/div>\n<div class=\"wp-block-column is-layout-flow wp-block-column-is-layout-flow\">\n<h2 class=\"wp-block-heading\" id=\"block-d54e7cc6-4132-411e-8617-4e5992c0add1\">Monitoreo Deep Web<\/h2>\n<p id=\"block-dbd89e26-764f-4018-8755-3aa68741d08e\">Vigilancia de las capas de internet que no son indexadas por los motores de b\u00fasqueda, donde pueden aparecer amenazas o informaci\u00f3n sensible. Se realiza un an\u00e1lisis pasivo de tr\u00e1fico no indexado (bases de datos, APIs) para identificar accesos no autorizados o datos sensibles expuestos, mediante inspecci\u00f3n profunda sin afectar el rendimiento.<\/p>\n<p class=\"has-text-align-left\">\n<strong>Benefits<\/strong><\/p>\n<ul class=\"wp-block-list\">\n<li>Detecta amenazas y filtraciones de datos en etapa temprana<\/li>\n<li>Previene ataques dirigidos y fraudes<\/li>\n<li>Protege la reputaci\u00f3n y datos de la organizaci\u00f3n<\/li>\n<\/ul>\n<p style=\"font-style:normal;font-weight:600\">Se utilizan herramientas que inspeccionan tr\u00e1fico pasivamente para descubrir assets y detectar anomal\u00edas en profundidad.<\/p>\n<\/div>\n<\/div>\n<div style=\"height:40px\" aria-hidden=\"true\" class=\"wp-block-spacer\"><\/div>\n<\/div>\n<\/div>\n<div class=\"wp-block-cover alignfull\" style=\"min-height:440px;--d_t_p:5;--d_b_p:5;--d_l_p:5;--d_r_p:5;aspect-ratio:unset;\" id=\"Long\">\n<img decoding=\"async\" class=\"wp-block-cover__image-background wp-image-3749 size-large\" alt=\"\" src=\"https:\/\/grupobeit.com\/wp-content\/uploads\/2026\/02\/Maqueta-Landing-Ethical-Hacking-6-1170x520.png\" data-object-fit=\"cover\"\/><span aria-hidden=\"true\" class=\"wp-block-cover__background has-background-dim-0 has-background-dim has-background-gradient\" style=\"background:linear-gradient(135deg,rgb(11,79,163) 0%,rgb(30,136,201) 49%,rgb(72,198,216) 100%)\"><\/span><\/p>\n<div class=\"wp-block-cover__inner-container is-layout-constrained wp-block-cover-is-layout-constrained\">\n<div class=\"wp-block-columns is-layout-flex wp-container-core-columns-is-layout-9d6595d7 wp-block-columns-is-layout-flex\">\n<div class=\"wp-block-column is-layout-flow wp-block-column-is-layout-flow\">\n<h2 class=\"wp-block-heading\" id=\"block-d54e7cc6-4132-411e-8617-4e5992c0add1\">An\u00e1lisis de rendimiento<\/h2>\n<p id=\"block-dbd89e26-764f-4018-8755-3aa68741d08e\">Monitoreo constante de tr\u00e1fico y recursos de IT para identificar cuellos de botella o anomal\u00edas, evaluando m\u00e9tricas como latencia y capacidad en entornos IT\/OT.<\/p>\n<p class=\"has-text-align-left\">\n<strong>Benefits<\/strong><\/p>\n<ul class=\"wp-block-list\">\n<li>Optimiza la infraestructura<\/li>\n<li>Elimina puntos ciegos en la infraestructura<\/li>\n<li>Mejora la experiencia del usuario<\/li>\n<\/ul>\n<p style=\"font-style:normal;font-weight:600\">Se utilizan herramientas que analizan tr\u00e1fico en tiempo real para detectar vulnerabilidades que afecten el desempe\u00f1o.<\/p>\n<\/div>\n<div class=\"wp-block-column is-layout-flow wp-block-column-is-layout-flow\"><\/div>\n<\/div>\n<div style=\"height:40px\" aria-hidden=\"true\" class=\"wp-block-spacer\"><\/div>\n<\/div>\n<\/div>\n<div class=\"wp-block-cover alignfull\" style=\"min-height:440px;--d_t_p:5;--d_b_p:5;--d_l_p:5;--d_r_p:5;aspect-ratio:unset;\" id=\"Long\">\n<img decoding=\"async\" class=\"wp-block-cover__image-background wp-image-3750 size-large\" alt=\"\" src=\"https:\/\/grupobeit.com\/wp-content\/uploads\/2026\/02\/Maqueta-Landing-Ethical-Hacking-7-1170x571.png\" data-object-fit=\"cover\"\/><span aria-hidden=\"true\" class=\"wp-block-cover__background has-background-dim-0 has-background-dim has-background-gradient\" style=\"background:linear-gradient(135deg,rgb(11,79,163) 0%,rgb(30,136,201) 49%,rgb(72,198,216) 100%)\"><\/span><\/p>\n<div class=\"wp-block-cover__inner-container is-layout-constrained wp-block-cover-is-layout-constrained\">\n<div class=\"wp-block-columns is-layout-flex wp-container-core-columns-is-layout-9d6595d7 wp-block-columns-is-layout-flex\">\n<div class=\"wp-block-column is-layout-flow wp-block-column-is-layout-flow\">\n<h2 class=\"wp-block-heading\" id=\"block-d54e7cc6-4132-411e-8617-4e5992c0add1\"><\/h2>\n<\/div>\n<div class=\"wp-block-column is-layout-flow wp-block-column-is-layout-flow\">\n<h2 class=\"wp-block-heading\" id=\"block-d54e7cc6-4132-411e-8617-4e5992c0add1\">An\u00e1lisis de c\u00f3digo<\/h2>\n<p id=\"block-dbd89e26-764f-4018-8755-3aa68741d08e\">Revisi\u00f3n est\u00e1tica y din\u00e1mica de c\u00f3digo fuente o aplicaciones web para detectar vulnerabilidades, errores o malas pr\u00e1cticas de desarrollo.<\/p>\n<p class=\"has-text-align-left\">\n<strong>Benefits<\/strong><\/p>\n<ul class=\"wp-block-list\">\n<li>Reduce riesgos en aplicaciones desde el desarrollo.<\/li>\n<li>Mejora la calidad en la seguridad del software\/app antes de su lanzamiento<\/li>\n<li>Previene brechas en software personalizado<\/li>\n<\/ul>\n<p style=\"font-style:normal;font-weight:600\">Se utilizan herramientas que escanea c\u00f3digo con precisi\u00f3n, reduciendo falsos positivos y asegurando seguridad desde el inicio.<\/p>\n<\/div>\n<\/div>\n<div style=\"height:40px\" aria-hidden=\"true\" class=\"wp-block-spacer\"><\/div>\n<\/div>\n<\/div>\n<div style=\"height:35px\" aria-hidden=\"true\" class=\"wp-block-spacer\"><\/div>\n<h1 class=\"wp-block-heading has-text-align-center has-vivid-red-color has-text-color has-link-color wp-elements-6b373684e283061d94bf467871ee6541\">\u00bfListo para elevar tu seguridad al siguiente nivel?<\/h1>\n<p class=\"has-text-align-center\" style=\"font-size:16px\">Conecta con nuestros expertos y protege tu organizaci\u00f3n antes de que surja la amenaza.<\/p>\n<p><!-- \/wp:post-content --><br \/>\n<!-- wp:buttons {\"layout\":{\"type\":\"flex\",\"justifyContent\":\"center\"}} --><\/p>\n<div class=\"wp-block-buttons\">\n<div class=\"wp-block-button, botones-hero\"><a class=\"wp-block-button__link has-background wp-element-button\" style=\"background: linear-gradient(90deg, #b3001b 0%, #7a0f0f 100%);\" href=\"#magic-hint\">\u00a1AGENDA UNA CONSULTOR\u00cdA HOY MISMO!<\/a><\/div>\n<\/div>\n<p><!-- \/wp:buttons --><\/p>\n\n\t\t<\/div>\n\t<\/div>\n<\/div><\/div><\/div><\/div><\/div><\/div><\/div>\n<\/div>","protected":false},"excerpt":{"rendered":"Ethical Hacking En un mundo en donde cada clic puede convertirse en una puerta de entrada para un atacante, el Ethical Hacking se ha convertido en la manera m\u00e1s segura de proteger tu negocio. A trav\u00e9s de herramientas avanzadas y pruebas controladas, identificamos vulnerabilidades antes de que se conviertan en [...]","protected":false},"author":1,"featured_media":0,"parent":0,"menu_order":0,"comment_status":"closed","ping_status":"closed","template":"","meta":{"footnotes":""},"class_list":["post-3356","page","type-page","status-publish","hentry"],"_links":{"self":[{"href":"https:\/\/buromc.com\/us\/wp-json\/wp\/v2\/pages\/3356","targetHints":{"allow":["GET"]}}],"collection":[{"href":"https:\/\/buromc.com\/us\/wp-json\/wp\/v2\/pages"}],"about":[{"href":"https:\/\/buromc.com\/us\/wp-json\/wp\/v2\/types\/page"}],"author":[{"embeddable":true,"href":"https:\/\/buromc.com\/us\/wp-json\/wp\/v2\/users\/1"}],"replies":[{"embeddable":true,"href":"https:\/\/buromc.com\/us\/wp-json\/wp\/v2\/comments?post=3356"}],"version-history":[{"count":4,"href":"https:\/\/buromc.com\/us\/wp-json\/wp\/v2\/pages\/3356\/revisions"}],"predecessor-version":[{"id":3472,"href":"https:\/\/buromc.com\/us\/wp-json\/wp\/v2\/pages\/3356\/revisions\/3472"}],"wp:attachment":[{"href":"https:\/\/buromc.com\/us\/wp-json\/wp\/v2\/media?parent=3356"}],"curies":[{"name":"wp","href":"https:\/\/api.w.org\/{rel}","templated":true}]}}