{"id":3552,"date":"2026-03-20T03:42:09","date_gmt":"2026-03-20T03:42:09","guid":{"rendered":"https:\/\/buromc.com\/?page_id=3552"},"modified":"2026-03-31T02:01:19","modified_gmt":"2026-03-31T02:01:19","slug":"ethical-hacking","status":"publish","type":"page","link":"https:\/\/buromc.com\/us\/soluciones\/ethical-hacking\/","title":{"rendered":"Ethicak Hacking"},"content":{"rendered":"<div class=\"wpb-content-wrapper\"><div class=\"firwl-vc-row-container\"  id=\"cta\" ><div id=\"firwl-intid-cta\" data-vc-full-width=\"true\" data-vc-full-width-init=\"false\" data-vc-stretch-content=\"true\" class=\"vc_row firwl-stickycont wpb_row firwl-vc_row vc_custom_1773980062579 vc_row-has-fill vc_column-gap-10 vc_row-o-equal-height vc_row-o-content-top vc_row-flex\"><div class=\"firwl-container__l firwl-rowcontainer-vc\"><div class=\"firwl-rowcontent\"><div class=\"wpb_column vc_column_container vc_col-sm-6\"><div class=\"vc_column-inner\"><div class=\"wpb_wrapper\">\n\t<div class=\"wpb_text_column wpb_content_element white\" >\n\t\t<div class=\"wpb_wrapper\">\n\t\t\t<h1><span style=\"color: #ffffff;\">Ethical Hacking<\/span><\/h1>\n<p><span style=\"color: #ffffff;\">En un mundo en donde cada clic puede convertirse en una puerta de entrada para un atacante, el Ethical Hacking se ha convertido en la manera m\u00e1s segura de proteger tu negocio.<\/span><\/p>\n<p><span style=\"color: #ffffff;\">A trav\u00e9s de herramientas avanzadas y pruebas controladas, identificamos vulnerabilidades antes de que se conviertan en incidentes, fortalecemos tu infraestructura y elevamos tu nivel de protecci\u00f3n.<\/span><\/p>\n<p><span style=\"color: #ffffff;\">No se trata solo de seguridad: se trata de confianza, continuidad y ventaja competitiva.<\/span><\/p>\n<p><span style=\"color: #ffffff;\"><strong>\u00a1Identifica, fortalece y mejora tu seguridad digital!<\/strong><\/span><\/p>\n\n\t\t<\/div>\n\t<\/div>\n<\/div><\/div><\/div><div class=\"form wpb_column vc_column_container vc_col-sm-4\"><div class=\"vc_column-inner\"><div class=\"wpb_wrapper\">\n<div class=\"wpcf7 no-js\" id=\"wpcf7-f3566-o1\" lang=\"es-MX\" dir=\"ltr\" data-wpcf7-id=\"3566\">\n<div class=\"screen-reader-response\"><p role=\"status\" aria-live=\"polite\" aria-atomic=\"true\"><\/p> <ul><\/ul><\/div>\n<form action=\"\/us\/wp-json\/wp\/v2\/pages\/3552#wpcf7-f3566-o1\" method=\"post\" class=\"wpcf7-form init\" aria-label=\"Formulario de contacto\" novalidate=\"novalidate\" data-status=\"init\" data-trp-original-action=\"\/us\/wp-json\/wp\/v2\/pages\/3552#wpcf7-f3566-o1\">\n<div style=\"display: none;\">\n<input type=\"hidden\" name=\"_wpcf7\" value=\"3566\" \/>\n<input type=\"hidden\" name=\"_wpcf7_version\" value=\"6.0.6\" \/>\n<input type=\"hidden\" name=\"_wpcf7_locale\" value=\"es_MX\" \/>\n<input type=\"hidden\" name=\"_wpcf7_unit_tag\" value=\"wpcf7-f3566-o1\" \/>\n<input type=\"hidden\" name=\"_wpcf7_container_post\" value=\"0\" \/>\n<input type=\"hidden\" name=\"_wpcf7_posted_data_hash\" value=\"\" \/>\n<\/div>\n<div class=\"col-12 inputConsultoria\">\n\t<p><label>Name<span class=\"wpcf7-form-control-wrap\" data-name=\"nombre\"><input size=\"40\" maxlength=\"400\" class=\"wpcf7-form-control wpcf7-text wpcf7-validates-as-required\" autocomplete=\"name\" aria-required=\"true\" aria-invalid=\"false\" value=\"\" type=\"text\" name=\"nombre\" \/><\/span><\/label>\n\t<\/p>\n<\/div>\n<div class=\"col-12 inputConsultoria\">\n\t<p><label>Puesto o cargo<span class=\"wpcf7-form-control-wrap\" data-name=\"puesto\"><input size=\"40\" maxlength=\"400\" class=\"wpcf7-form-control wpcf7-text\" aria-invalid=\"false\" value=\"\" type=\"text\" name=\"puesto\" \/><\/span><\/label>\n\t<\/p>\n<\/div>\n<div class=\"col-12 inputConsultoria\">\n\t<p><label>Work place<span class=\"wpcf7-form-control-wrap\" data-name=\"empresa\"><input size=\"40\" maxlength=\"400\" class=\"wpcf7-form-control wpcf7-text\" aria-invalid=\"false\" value=\"\" type=\"text\" name=\"empresa\" \/><\/span><\/label>\n\t<\/p>\n<\/div>\n<div class=\"col-12 inputConsultoria\">\n\t<p><label>Correo electr\u00f3nico<span class=\"wpcf7-form-control-wrap\" data-name=\"email\"><input size=\"40\" maxlength=\"400\" class=\"wpcf7-form-control wpcf7-email wpcf7-validates-as-required wpcf7-text wpcf7-validates-as-email\" autocomplete=\"email\" aria-required=\"true\" aria-invalid=\"false\" value=\"\" type=\"email\" name=\"email\" \/><\/span><\/label>\n\t<\/p>\n<\/div>\n<div class=\"col-12 inputConsultoria\">\n\t<p><label>Tel\u00e9fono<span class=\"wpcf7-form-control-wrap\" data-name=\"telefono\"><input size=\"40\" maxlength=\"400\" class=\"wpcf7-form-control wpcf7-text wpcf7-validates-as-required\" aria-required=\"true\" aria-invalid=\"false\" placeholder=\"Incluye la clave Lada\" value=\"\" type=\"text\" name=\"telefono\" \/><\/span><\/label>\n\t<\/p>\n<\/div>\n<input class=\"wpcf7-form-control wpcf7-hidden\" value=\"Ethical Hacking\" type=\"hidden\" name=\"url\" \/>\n<div class=\"col-12 inputConsultoria\">\n\t<p><input class=\"wpcf7-form-control wpcf7-submit has-spinner btn-envio col-12\" type=\"submit\" value=\"Solicitar asesor\u00eda\" \/>\n\t<\/p>\n<\/div><div class=\"wpcf7-response-output\" aria-hidden=\"true\"><\/div>\n<input type=\"hidden\" name=\"trp-form-language\" value=\"us\"\/><\/form>\n<\/div>\n<\/div><\/div><\/div><\/div><\/div><\/div><\/div><div class=\"vc_row-full-width vc_clearfix\"><\/div><div class=\"firwl-vc-row-container\" ><div data-vc-full-width=\"true\" data-vc-full-width-init=\"false\" data-vc-stretch-content=\"true\" class=\"vc_row firwl-stickycont wpb_row firwl-vc_row vc_custom_1773979398663 vc_row-has-fill vc_column-gap-10 vc_row-o-equal-height vc_row-o-content-top vc_row-flex\"><div class=\"firwl-container__l firwl-rowcontainer-vc\"><div class=\"firwl-rowcontent\"><div class=\"wpb_column vc_column_container vc_col-sm-6\"><div class=\"vc_column-inner\"><div class=\"wpb_wrapper\">\n\t<div class=\"wpb_text_column wpb_content_element white\" >\n\t\t<div class=\"wpb_wrapper\">\n\t\t\t<h2 id=\"block-d54e7cc6-4132-411e-8617-4e5992c0add1\" class=\"wp-block-heading\">An\u00e1lisis de Vulnerabilidad<\/h2>\n<p id=\"block-dbd89e26-764f-4018-8755-3aa68741d08e\">Escaneo automatizado de sistemas, redes, dispositivos y aplicaciones para identificar debilidades conocidas y vulnerabilidades de seguridad, detectando fallos en software o configuraciones sin interrumpir operaciones.<\/p>\n<p class=\"has-text-align-left\"><strong>Benefits<\/strong><\/p>\n<ul class=\"wp-block-list\">\n<li>Detecta vulnerabilidades antes que los atacantes<\/li>\n<li>Prioriza riesgos para tomar acciones r\u00e1pidamente<\/li>\n<li>Mejora la postura de seguridad continuamente<\/li>\n<\/ul>\n<p>Se utilizan herramientas que escanean de forma exhaustiva y escalable, integr\u00e1ndose en entornos complejos para una protecci\u00f3n proactiva.<\/p>\n\n\t\t<\/div>\n\t<\/div>\n<\/div><\/div><\/div><div class=\"wpb_column vc_column_container vc_col-sm-6\"><div class=\"vc_column-inner\"><div class=\"wpb_wrapper\"><\/div><\/div><\/div><\/div><\/div><\/div><\/div><div class=\"vc_row-full-width vc_clearfix\"><\/div><div class=\"firwl-vc-row-container\" ><div data-vc-full-width=\"true\" data-vc-full-width-init=\"false\" class=\"vc_row firwl-stickycont wpb_row firwl-vc_row vc_custom_1773979412519 vc_row-has-fill\"><div class=\"firwl-container__l firwl-rowcontainer-vc\"><div class=\"firwl-rowcontent\"><div class=\"wpb_column vc_column_container vc_col-sm-6\"><div class=\"vc_column-inner\"><div class=\"wpb_wrapper\"><\/div><\/div><\/div><div class=\"wpb_column vc_column_container vc_col-sm-6\"><div class=\"vc_column-inner\"><div class=\"wpb_wrapper\">\n\t<div class=\"wpb_text_column wpb_content_element\" >\n\t\t<div class=\"wpb_wrapper\">\n\t\t\t<h2 id=\"block-d54e7cc6-4132-411e-8617-4e5992c0add1\" class=\"wp-block-heading\">Pruebas de penetraci\u00f3n (Pentesting)<\/h2>\n<p id=\"block-dbd89e26-764f-4018-8755-3aa68741d08e\">Ethical Hacking, simulaci\u00f3n controlada de ataques cibern\u00e9ticos para explotar vulnerabilidades, combinando automatizaci\u00f3n y an\u00e1lisis manual para evaluar el impacto en sistemas cr\u00edticos.<\/p>\n<p>Se utilizan t\u00e9cnicas y herramientas de Ethical hacking para intentar acceder a los sistemas, validando la seguridad de los mismos.<\/p>\n<p class=\"has-text-align-left\"><strong>Benefits<\/strong><\/p>\n<ul class=\"wp-block-list\">\n<li>Revela puntos d\u00e9biles antes de que sean explotados<\/li>\n<li>Permite fortalecer defensas<\/li>\n<li>Asegura cumplimiento normativo y reduce costos de incidentes<\/li>\n<\/ul>\n<p>Se utilizan herramientas que mapean vulnerabilidades iniciales y facilita pruebas avanzadas para validar la robustez del sistema.<\/p>\n\n\t\t<\/div>\n\t<\/div>\n<\/div><\/div><\/div><\/div><\/div><\/div><\/div><div class=\"vc_row-full-width vc_clearfix\"><\/div><div class=\"firwl-vc-row-container\" ><div data-vc-full-width=\"true\" data-vc-full-width-init=\"false\" data-vc-stretch-content=\"true\" class=\"vc_row firwl-stickycont wpb_row firwl-vc_row vc_custom_1773979461789 vc_row-has-fill vc_column-gap-10 vc_row-o-equal-height vc_row-flex\"><div class=\"firwl-container__l firwl-rowcontainer-vc\"><div class=\"firwl-rowcontent\"><div class=\"wpb_column vc_column_container vc_col-sm-6\"><div class=\"vc_column-inner\"><div class=\"wpb_wrapper\">\n\t<div class=\"wpb_text_column wpb_content_element white\" >\n\t\t<div class=\"wpb_wrapper\">\n\t\t\t<h2 id=\"block-d54e7cc6-4132-411e-8617-4e5992c0add1\" class=\"wp-block-heading\">Monitoreo Dark Web<\/h2>\n<p id=\"block-dbd89e26-764f-4018-8755-3aa68741d08e\">B\u00fasqueda continua en redes ocultas para detectar datos sensibles expuestos (credenciales, IPs), usando inteligencia artificial para alertar sobre riesgos espec\u00edficos en tiempo real.<strong>Benefits<\/strong><\/p>\n<ul class=\"wp-block-list\">\n<li>Detecta filtraciones tempranas para una respuesta r\u00e1pida<\/li>\n<li>Protege la reputaci\u00f3n y previene robos de identidad<\/li>\n<li>Permite mitigar amenazas antes de que escalen<\/li>\n<\/ul>\n<p>Se utilizan herramientas de escaneo que proporcionan visibilidad de assets expuestos llevando a cabo un an\u00e1lisis en tiempo real para detectar si la informaci\u00f3n de tu organizaci\u00f3n se filtra o se comparte en la Dark Web.<\/p>\n\n\t\t<\/div>\n\t<\/div>\n<\/div><\/div><\/div><div class=\"wpb_column vc_column_container vc_col-sm-6\"><div class=\"vc_column-inner\"><div class=\"wpb_wrapper\"><\/div><\/div><\/div><\/div><\/div><\/div><\/div><div class=\"vc_row-full-width vc_clearfix\"><\/div><div class=\"firwl-vc-row-container\" ><div data-vc-full-width=\"true\" data-vc-full-width-init=\"false\" class=\"vc_row firwl-stickycont wpb_row firwl-vc_row vc_custom_1773979536350 vc_row-has-fill vc_column-gap-10\"><div class=\"firwl-container__l firwl-rowcontainer-vc\"><div class=\"firwl-rowcontent\"><div class=\"wpb_column vc_column_container vc_col-sm-6\"><div class=\"vc_column-inner\"><div class=\"wpb_wrapper\"><\/div><\/div><\/div><div class=\"wpb_column vc_column_container vc_col-sm-6\"><div class=\"vc_column-inner\"><div class=\"wpb_wrapper\">\n\t<div class=\"wpb_text_column wpb_content_element white\" >\n\t\t<div class=\"wpb_wrapper\">\n\t\t\t<div class=\"wp-block-columns is-layout-flex wp-container-core-columns-is-layout-9d6595d7 wp-block-columns-is-layout-flex\">\n<div class=\"wp-block-column is-layout-flow wp-block-column-is-layout-flow\">\n<h2 id=\"block-d54e7cc6-4132-411e-8617-4e5992c0add1\" class=\"wp-block-heading\">Monitoreo Deep Web<\/h2>\n<p id=\"block-dbd89e26-764f-4018-8755-3aa68741d08e\">Vigilancia de las capas de internet que no son indexadas por los motores de b\u00fasqueda, donde pueden aparecer amenazas o informaci\u00f3n sensible. Se realiza un an\u00e1lisis pasivo de tr\u00e1fico no indexado (bases de datos, APIs) para identificar accesos no autorizados o datos sensibles expuestos, mediante inspecci\u00f3n profunda sin afectar el rendimiento.<\/p>\n<p class=\"has-text-align-left\"><strong>Benefits<\/strong><\/p>\n<ul class=\"wp-block-list\">\n<li>Detecta amenazas y filtraciones de datos en etapa temprana<\/li>\n<li>Previene ataques dirigidos y fraudes<\/li>\n<li>Protege la reputaci\u00f3n y datos de la organizaci\u00f3n<\/li>\n<\/ul>\n<p>Se utilizan herramientas que inspeccionan tr\u00e1fico pasivamente para descubrir assets y detectar anomal\u00edas en profundidad.<\/p>\n<\/div>\n<\/div>\n\n\t\t<\/div>\n\t<\/div>\n<\/div><\/div><\/div><\/div><\/div><\/div><\/div><div class=\"vc_row-full-width vc_clearfix\"><\/div><div class=\"firwl-vc-row-container\" ><div data-vc-full-width=\"true\" data-vc-full-width-init=\"false\" class=\"vc_row firwl-stickycont wpb_row firwl-vc_row vc_custom_1773979614830 vc_row-has-fill vc_column-gap-10 vc_row-o-equal-height vc_row-flex\"><div class=\"firwl-container__l firwl-rowcontainer-vc\"><div class=\"firwl-rowcontent\"><div class=\"wpb_column vc_column_container vc_col-sm-6\"><div class=\"vc_column-inner\"><div class=\"wpb_wrapper\">\n\t<div class=\"wpb_text_column wpb_content_element white\" >\n\t\t<div class=\"wpb_wrapper\">\n\t\t\t<div>\n<div>\n<h2 id=\"block-d54e7cc6-4132-411e-8617-4e5992c0add1\">An\u00e1lisis de rendimiento<\/h2>\n<p id=\"block-dbd89e26-764f-4018-8755-3aa68741d08e\">Monitoreo constante de tr\u00e1fico y recursos de IT para identificar cuellos de botella o anomal\u00edas, evaluando m\u00e9tricas como latencia y capacidad en entornos IT\/OT.<\/p>\n<p><strong>Benefits<\/strong><\/p>\n<ul>\n<li>Optimiza la infraestructura<\/li>\n<li>Elimina puntos ciegos en la infraestructura<\/li>\n<li>Mejora la experiencia del usuario<\/li>\n<\/ul>\n<p><strong>Se utilizan herramientas que analizan tr\u00e1fico en tiempo real para detectar vulnerabilidades que afecten el desempe\u00f1o.<\/strong><\/p>\n<\/div>\n<div><\/div>\n<\/div>\n\n\t\t<\/div>\n\t<\/div>\n<\/div><\/div><\/div><div class=\"wpb_column vc_column_container vc_col-sm-6\"><div class=\"vc_column-inner\"><div class=\"wpb_wrapper\"><\/div><\/div><\/div><\/div><\/div><\/div><\/div><div class=\"vc_row-full-width vc_clearfix\"><\/div><div class=\"firwl-vc-row-container\" ><div data-vc-full-width=\"true\" data-vc-full-width-init=\"false\" data-vc-stretch-content=\"true\" class=\"vc_row firwl-stickycont wpb_row firwl-vc_row vc_custom_1773979807961 vc_row-has-fill vc_column-gap-10\"><div class=\"firwl-container__l firwl-rowcontainer-vc\"><div class=\"firwl-rowcontent\"><div class=\"wpb_column vc_column_container vc_col-sm-6\"><div class=\"vc_column-inner\"><div class=\"wpb_wrapper\"><\/div><\/div><\/div><div class=\"wpb_column vc_column_container vc_col-sm-6\"><div class=\"vc_column-inner\"><div class=\"wpb_wrapper\">\n\t<div class=\"wpb_text_column wpb_content_element white\" >\n\t\t<div class=\"wpb_wrapper\">\n\t\t\t<h2>An\u00e1lisis de c\u00f3digo<\/h2>\n<p>Revisi\u00f3n est\u00e1tica y din\u00e1mica de c\u00f3digo fuente o aplicaciones web para detectar vulnerabilidades, errores o malas pr\u00e1cticas de desarrollo.<\/p>\n<p><strong>Benefits<\/strong><\/p>\n<ul>\n<li>Reduce riesgos en aplicaciones desde el desarrollo<\/li>\n<li>Mejora la calidad en la seguridad del software\/app antes de su lanzamiento<\/li>\n<li>Previene brechas en software personalizado<\/li>\n<\/ul>\n<p><strong>Se utilizan herramientas que escanea c\u00f3digo con precisi\u00f3n, reduciendo falsos positivos y asegurando seguridad desde el inicio.<\/strong><\/p>\n\n\t\t<\/div>\n\t<\/div>\n<\/div><\/div><\/div><\/div><\/div><\/div><\/div><div class=\"vc_row-full-width vc_clearfix\"><\/div><div class=\"firwl-vc-row-container\" ><div class=\"vc_row firwl-stickycont wpb_row firwl-vc_row vc_custom_1773979916425\"><div class=\"firwl-rowcontainer-vc\"><div class=\"firwl-rowcontent\"><div class=\"wpb_column vc_column_container vc_col-sm-12\"><div class=\"vc_column-inner\"><div class=\"wpb_wrapper\">\n\t<div class=\"wpb_text_column wpb_content_element\" >\n\t\t<div class=\"wpb_wrapper\">\n\t\t\t<h3 class=\"wp-block-heading has-text-align-center has-vivid-red-color has-text-color has-link-color wp-elements-8bac253ee091fde07e748ba74abb47f4\">\u00bfListo para elevar tu seguridad al siguiente nivel?<\/h3>\n\n\t\t<\/div>\n\t<\/div>\n\n\t<div class=\"wpb_text_column wpb_content_element\" >\n\t\t<div class=\"wpb_wrapper\">\n\t\t\t<p style=\"text-align: center;\">Conecta con nuestros expertos y protege tu organizaci\u00f3n antes de que surja la amenaza.<\/p>\n\n\t\t<\/div>\n\t<\/div>\n <p class=\"aligncenter\"><a href=\"#cta\"  \n\t\tclass=\"firwl-btn firwl-btn-primary aligncenter  firwl-btn__l\">\u00a1Agenda una consultor\u00eda hoy mismo!<\/a><\/p><\/div><\/div><\/div><\/div><\/div><\/div><\/div>\n<\/div>","protected":false},"excerpt":{"rendered":"Ethical Hacking En un mundo en donde cada clic puede convertirse en una puerta de entrada para un atacante, el Ethical Hacking se ha convertido en la manera m\u00e1s segura de proteger tu negocio. A trav\u00e9s de herramientas avanzadas y pruebas controladas, identificamos vulnerabilidades antes de que se conviertan en [...]","protected":false},"author":1,"featured_media":0,"parent":3549,"menu_order":0,"comment_status":"closed","ping_status":"closed","template":"","meta":{"footnotes":""},"class_list":["post-3552","page","type-page","status-publish","hentry"],"_links":{"self":[{"href":"https:\/\/buromc.com\/us\/wp-json\/wp\/v2\/pages\/3552","targetHints":{"allow":["GET"]}}],"collection":[{"href":"https:\/\/buromc.com\/us\/wp-json\/wp\/v2\/pages"}],"about":[{"href":"https:\/\/buromc.com\/us\/wp-json\/wp\/v2\/types\/page"}],"author":[{"embeddable":true,"href":"https:\/\/buromc.com\/us\/wp-json\/wp\/v2\/users\/1"}],"replies":[{"embeddable":true,"href":"https:\/\/buromc.com\/us\/wp-json\/wp\/v2\/comments?post=3552"}],"version-history":[{"count":8,"href":"https:\/\/buromc.com\/us\/wp-json\/wp\/v2\/pages\/3552\/revisions"}],"predecessor-version":[{"id":3576,"href":"https:\/\/buromc.com\/us\/wp-json\/wp\/v2\/pages\/3552\/revisions\/3576"}],"up":[{"embeddable":true,"href":"https:\/\/buromc.com\/us\/wp-json\/wp\/v2\/pages\/3549"}],"wp:attachment":[{"href":"https:\/\/buromc.com\/us\/wp-json\/wp\/v2\/media?parent=3552"}],"curies":[{"name":"wp","href":"https:\/\/api.w.org\/{rel}","templated":true}]}}