{"id":729,"date":"2019-05-06T09:50:39","date_gmt":"2019-05-06T09:50:39","guid":{"rendered":"https:\/\/firwl.qantumthemes.xyz\/installer\/?page_id=729"},"modified":"2019-05-06T09:50:39","modified_gmt":"2019-05-06T09:50:39","slug":"courses","status":"publish","type":"page","link":"https:\/\/buromc.com\/us\/courses\/","title":{"rendered":"Courses"},"content":{"rendered":"<div class=\"wpb-content-wrapper\"><div class=\"firwl-vc-row-container\" ><div class=\"vc_row firwl-stickycont wpb_row firwl-vc_row vc_custom_1558124557321 vc_row-has-fill\"><div class=\"firwl-rowcontainer-vc\"><div class=\"firwl-rowcontent\"><div class=\"wpb_column vc_column_container vc_col-sm-12\"><div class=\"vc_column-inner\"><div class=\"wpb_wrapper firwl-vc_section\"><div class=\"vc_row wpb_row vc_inner firwl-vc_row\"><div class=\"firwl-container firwl-rowcontainer-vc\"><div class=\"firwl-rowcontent\"><div class=\"wpb_column vc_column_container vc_col-sm-12\"><div class=\"vc_column-inner\"><div class=\"wpb_wrapper\"><article class=\"firwl-post firwl-post__eventfeat firwl-gradprimary firwl-negative post-197 firwl_event type-firwl_event status-publish has-post-thumbnail hentry firwl_eventtype-conference\">\n\t<div>\n\t\t<img loading=\"lazy\" decoding=\"async\" width=\"768\" height=\"479\" src=\"https:\/\/buromc.com\/wp-content\/uploads\/2019\/04\/Copia-de-copia-Copia-de-Copia-de-NOVUSNEWSMX-13.png\" class=\"firwl-post__eventfeat__i wp-post-image\" alt=\"\" \/>\t<\/div>\n\t<div class=\"firwl-post__eventfeat__c firwl-negative\">\n\t\t<div class=\"firwl-post__eventfeat__c__c\">\n\t\t\t<p class=\"firwl-meta firwl-small\">\n\t\t\t\t\t\t\t\t<span class=\"firwl-p-catz\"><a href=\"https:\/\/buromc.com\/us\/eventtype\/conference\/\" rel=\"tag\">Conference<\/a><\/span>\n\t\t\t\t\t\t\t\t<span class=\"firwl-meta__dets\">\n\t\t\t\t\t9 July, 2024\t\t\t\t<\/span>\n\t\t\t<\/p>\n\n\t\t\t\n\n\t\t\t\t\t\t\t<h2 class=\"firwl-capfont firwl-glitchtxt firwl-largetitle\" data-firwl-text=\"#Empresas | Buenas pr\u00e1cticas en ciberseguridad mejoran el soporte organizacional: GrupoBeIT\">#Business | Best Practices in Cybersecurity Improve Organizational Support: GrupoBeIT<\/h2>\n\t\t\t\t\n\n\t\t\t<div class=\"firwl-post__eventfeat__exc\">\n\t\t\t\t<p>En los \u00faltimos a\u00f1os, M\u00e9xico ha visto un incremento preocupante en los delitos cibern\u00e9ticos, representando una amenaza significativa para empresas e individuos en todo el pa\u00eds. De acuerdo con datos ...<\/p>\n\t\t\t<\/div>\n\t\t\t<a href=\"https:\/\/buromc.com\/us\/event\/shmoocon-13\/\" class=\"firwl-btn firwl-btn__l firwl-btn-primary\">Learn more<\/a>\n\t\t<\/div>\n\t<\/div>\n\t\n<\/article>\n<\/div><\/div><\/div><\/div><\/div><\/div><\/div><\/div><\/div><\/div><\/div><\/div><\/div><div class=\"firwl-vc-row-container\" ><div class=\"vc_row firwl-stickycont wpb_row firwl-vc_row vc_custom_1558124600306 vc_column-gap-30\"><div class=\"firwl-container firwl-rowcontainer-vc\"><div class=\"firwl-rowcontent\"><div class=\"wpb_column vc_column_container vc_col-sm-12\"><div class=\"vc_column-inner\"><div class=\"wpb_wrapper firwl-vc_section\">\n\t\t<div class=\"firwl-section-caption\">\n\n\t\t\t\t\t\t\t<h6 class=\"firwl-caption firwl-gradtext\"><span>More Events<\/span><\/h6>\n\t\t\t\t\t\t\t\t<h2 class=\"firwl-capfont firwl-glitchtxt\" data-firwl-text=\"Master Security\">Master Security<\/h2>\n\t\t\t\t\t\t\t\t<p>We offer a wide variety of online and class courses to master cyber security for your business.<\/p>\n\t\t\t\t\t\t<\/div>\n\t\t<article class=\"firwl-post firwl-post__event firwl-darkbg firwl-negative post-2203 firwl_event type-firwl_event status-publish has-post-thumbnail hentry firwl_eventtype-conference\">\n\t<div class=\"firwl-duotone\">\n\t<img loading=\"lazy\" decoding=\"async\" width=\"1170\" height=\"780\" src=\"https:\/\/buromc.com\/wp-content\/uploads\/2019\/04\/post-8-1170x780.jpg\" class=\"firwl-post__event__i wp-post-image\" alt=\"\" srcset=\"https:\/\/buromc.com\/wp-content\/uploads\/2019\/04\/post-8-1170x780.jpg 1170w, https:\/\/buromc.com\/wp-content\/uploads\/2019\/04\/post-8-770x514.jpg 770w, https:\/\/buromc.com\/wp-content\/uploads\/2019\/04\/post-8-768x512.jpg 768w, https:\/\/buromc.com\/wp-content\/uploads\/2019\/04\/post-8-1536x1025.jpg 1536w, https:\/\/buromc.com\/wp-content\/uploads\/2019\/04\/post-8.jpg 1670w\" sizes=\"auto, (max-width: 1170px) 100vw, 1170px\" \/>\t<\/div>\n\t<div class=\"firwl-post__event__c\">\n\t\t<h4 class=\"firwl-post__event__d firwl-capfont\">\n\t\t\t<span>09<\/span>\n\t\t\t<span>Jul 2024<\/span>\n\t\t<\/h4>\n\t\t<div class=\"firwl-post__event__t\">\n\t\t\t<p class=\"firwl-meta firwl-small\">\n\t\t\t\t<i class=\"material-icons\">schedule<\/i>09:30\t\t\t<\/p>\n\t\t\t<h2 class=\"firwl-cutme-t\">Good cybersecurity practices improve organizational support: GrupoBeIT<\/h2>\n\t\t<\/div>\n\t\t<div class=\"firwl-post__event__b\">\n\t\t\t<a href=\"https:\/\/buromc.com\/us\/event\/buenas-practicas-en-ciberseguridad-mejoran-el-soporte-organizacional-grupobeit\/\" class=\"firwl-btn firwl-btn__white\">More info<\/a>\n\t\t<\/div>\n\n\t<\/div>\n\t<span class=\"firwl-hov\"><\/span>\n<\/article><article class=\"firwl-post firwl-post__event firwl-darkbg firwl-negative post-2205 firwl_event type-firwl_event status-publish hentry\">\n\t<div class=\"firwl-duotone\">\n\t\t<\/div>\n\t<div class=\"firwl-post__event__c\">\n\t\t<h4 class=\"firwl-post__event__d firwl-capfont\">\n\t\t\t<span>09<\/span>\n\t\t\t<span>Jul 2024<\/span>\n\t\t<\/h4>\n\t\t<div class=\"firwl-post__event__t\">\n\t\t\t<p class=\"firwl-meta firwl-small\">\n\t\t\t\t<i class=\"material-icons\">schedule<\/i>09:35\t\t\t<\/p>\n\t\t\t<h2 class=\"firwl-cutme-t\">#HappyBirthdayTI | #GrupoBeIT, through Bur\u00f3MC \u2013 Information Security, has a #specialization strategy in #technologies such as #cybersecurity, #cloud, and international #compliance, among others.<\/h2>\n\t\t<\/div>\n\t\t<div class=\"firwl-post__event__b\">\n\t\t\t<a href=\"https:\/\/buromc.com\/us\/event\/happybirthdayti-grupobeit-a-traves-de-buromc-seguridad-informatica-tiene-una-estrategia-de-especializacion-en-tecnologias-como-ciberseguridad-nube-y-compliance-internacional-entre-otras\/\" class=\"firwl-btn firwl-btn__white\">More info<\/a>\n\t\t<\/div>\n\n\t<\/div>\n\t<span class=\"firwl-hov\"><\/span>\n<\/article><article class=\"firwl-post firwl-post__event firwl-darkbg firwl-negative post-2206 firwl_event type-firwl_event status-publish hentry\">\n\t<div class=\"firwl-duotone\">\n\t\t<\/div>\n\t<div class=\"firwl-post__event__c\">\n\t\t<h4 class=\"firwl-post__event__d firwl-capfont\">\n\t\t\t<span>09<\/span>\n\t\t\t<span>Jul 2024<\/span>\n\t\t<\/h4>\n\t\t<div class=\"firwl-post__event__t\">\n\t\t\t<p class=\"firwl-meta firwl-small\">\n\t\t\t\t<i class=\"material-icons\">schedule<\/i>09:30\t\t\t<\/p>\n\t\t\t<h2 class=\"firwl-cutme-t\">GRUPOBEIT THROUGH ITS COMPANIES BUROMC AND ELITE INFRASTRUCTURE SERVICES: CELEBRATES 18 YEARS CONSOLIDATING THE DIGITAL TRANSFORMATION OF CORPORATIONS IN MEXICO<\/h2>\n\t\t<\/div>\n\t\t<div class=\"firwl-post__event__b\">\n\t\t\t<a href=\"https:\/\/buromc.com\/us\/event\/clippingprensagrupobeitaniversario118-100-c13-consolidando-la-transformacion-digital-grupobeit-consolidando-la-transformacion-digital-grupobeit-activar-la-compatibilidad-con-lectores-de-pant\/\" class=\"firwl-btn firwl-btn__white\">More info<\/a>\n\t\t<\/div>\n\n\t<\/div>\n\t<span class=\"firwl-hov\"><\/span>\n<\/article>\t\t\t<hr class=\"firwl-spacer-m\">\n\t\t <p class=\"aligncenter\"><a href=\"https:\/\/firwl.qantumthemes.xyz\/installer\/events-and-seminars\/\"  \n\t\tclass=\"firwl-btn firwl-btn-primary aligncenter  firwl-btn__l\">More Events<\/a><\/p><\/div><\/div><\/div><\/div><\/div><\/div><\/div>\n<\/div>","protected":false},"excerpt":{"rendered":"<p>GRUPO BEIT, THROUGH ITS COMPANIES BUROMC AND ELITE INFRASTRUCTURE SERVICES, CELEBRATES 18 YEARS CONSOLIDATING THE DIGITAL TRANSFORMATION OF CORPORATIONS IN MEXICO<\/p>","protected":false},"author":1,"featured_media":0,"parent":0,"menu_order":0,"comment_status":"closed","ping_status":"closed","template":"page-fullwidth.php","meta":{"footnotes":""},"class_list":["post-729","page","type-page","status-publish","hentry"],"_links":{"self":[{"href":"https:\/\/buromc.com\/us\/wp-json\/wp\/v2\/pages\/729","targetHints":{"allow":["GET"]}}],"collection":[{"href":"https:\/\/buromc.com\/us\/wp-json\/wp\/v2\/pages"}],"about":[{"href":"https:\/\/buromc.com\/us\/wp-json\/wp\/v2\/types\/page"}],"author":[{"embeddable":true,"href":"https:\/\/buromc.com\/us\/wp-json\/wp\/v2\/users\/1"}],"replies":[{"embeddable":true,"href":"https:\/\/buromc.com\/us\/wp-json\/wp\/v2\/comments?post=729"}],"version-history":[{"count":0,"href":"https:\/\/buromc.com\/us\/wp-json\/wp\/v2\/pages\/729\/revisions"}],"wp:attachment":[{"href":"https:\/\/buromc.com\/us\/wp-json\/wp\/v2\/media?parent=729"}],"curies":[{"name":"wp","href":"https:\/\/api.w.org\/{rel}","templated":true}]}}